{"id":12,"date":"2016-10-14T17:00:25","date_gmt":"2016-10-14T15:00:25","guid":{"rendered":"http:\/\/www.innovsols.fr\/?page_id=12"},"modified":"2021-10-11T10:58:09","modified_gmt":"2021-10-11T08:58:09","slug":"innovsols-2","status":"publish","type":"page","link":"https:\/\/www.innovsols.fr\/","title":{"rendered":"Accueil INNOV&#8217;SOLS"},"content":{"rendered":"<p><div class=\"fusion-fullwidth fullwidth-box fusion-builder-row-1 fusion-parallax-fixed nonhundred-percent-fullwidth non-hundred-percent-height-scrolling\" style=\"background-color: rgba(255,255,255,0);background-image: url(&quot;http:\/\/www.innovsols.fr\/wp-content\/uploads\/2016\/10\/Fotolia_47923233_Subscription_Monthly_M-e1412704057960.jpg&quot;);background-position: center top;background-repeat: no-repeat;padding-top:10px;padding-right:0px;padding-bottom:10px;padding-left:0px;margin-bottom: 0px;margin-top: 0px;border-width: 0px 0px 0px 0px;border-color:#eae9e9;border-style:solid;-webkit-background-size:cover;-moz-background-size:cover;-o-background-size:cover;background-size:cover;background-attachment:fixed;\" ><div class=\"fusion-builder-row fusion-row\"><\/div><\/div><div class=\"fusion-fullwidth fullwidth-box fusion-builder-row-2 hundred-percent-fullwidth non-hundred-percent-height-scrolling\" style=\"background-color: #1a1a1a;background-position: center center;background-repeat: no-repeat;padding-top:50px;padding-right:0px;padding-bottom:0px;padding-left:0px;border-width: 0px 0px 0px 0px;border-color:#eae9e9;border-style:solid;\" ><div class=\"fusion-builder-row fusion-row\"><div class=\"fusion-layout-column fusion_builder_column fusion-builder-column-0 fusion_builder_column_1_1 1_1 fusion-one-full fusion-column-first fusion-column-last\" style=\"margin-top:0px;margin-bottom:20px;\"><div class=\"fusion-column-wrapper fusion-flex-column-wrapper-legacy\" style=\"background-position:left top;background-repeat:no-repeat;-webkit-background-size:cover;-moz-background-size:cover;-o-background-size:cover;background-size:cover;padding: 0px 0px 0px 0px;\"><div class=\"fusion-column-content-centered\"><div class=\"fusion-column-content\"><div class=\"fusion-text fusion-text-1\" style=\"transform:translate3d(0,0,0);\"><h2 style=\"text-align: center;\"><span style=\"color: #ffffff;\">INNOV&#8217;SOLS est sp\u00e9cialis\u00e9e dans les\u00a0sols en b\u00e9ton d\u00e9coratif pour vos am\u00e9nagements ext\u00e9rieurs et int\u00e9rieurs.<\/span><br \/>\n<span style=\"color: #ffffff;\"> Nous intervenons sur Lyon, l&#8217;ouest lyonnais, ainsi que dans la Loire.<\/span><\/h2>\n<\/div><\/div><\/div><div class=\"fusion-clearfix\"><\/div><\/div><\/div><\/div><\/div><div class=\"fusion-fullwidth fullwidth-box fusion-builder-row-3 fusion-parallax-fixed nonhundred-percent-fullwidth non-hundred-percent-height-scrolling\" style=\"background-color: rgba(255,255,255,0);background-image: url(&quot;http:\/\/www.innovsols.fr\/wp-content\/uploads\/2016\/10\/Fotolia_47923233_Subscription_Monthly_M-e1412704057960.jpg&quot;);background-position: center center;background-repeat: no-repeat;padding-top:50px;padding-right:0px;padding-bottom:20px;padding-left:0px;margin-bottom: 0px;margin-top: 0px;border-width: 0px 0px 0px 0px;border-color:#eae9e9;border-style:solid;-webkit-background-size:cover;-moz-background-size:cover;-o-background-size:cover;background-size:cover;background-attachment:fixed;\" ><div class=\"fusion-builder-row fusion-row\"><\/div><\/div><div class=\"fusion-fullwidth fullwidth-box fusion-builder-row-4 nonhundred-percent-fullwidth non-hundred-percent-height-scrolling\" style=\"background-color: rgba(255,255,255,0);background-position: center center;background-repeat: no-repeat;padding-top:0px;padding-right:0px;padding-bottom:0px;padding-left:0px;margin-bottom: 0px;margin-top: 0px;border-width: 0px 0px 0px 0px;border-color:#eae9e9;border-style:solid;\" ><div class=\"fusion-builder-row fusion-row\"><div class=\"fusion-layout-column fusion_builder_column fusion-builder-column-1 fusion_builder_column_1_1 1_1 fusion-one-full fusion-column-first fusion-column-last\" style=\"margin-top:30px;margin-bottom:20px;\"><div class=\"fusion-column-wrapper fusion-flex-column-wrapper-legacy\" style=\"background-position:left top;background-repeat:no-repeat;-webkit-background-size:cover;-moz-background-size:cover;-o-background-size:cover;background-size:cover;padding: 0px 0px 0px 0px;\"><style type=\"text\/css\"><\/style><div class=\"fusion-title title fusion-title-1 fusion-sep-none fusion-title-center fusion-title-text fusion-title-size-two\" style=\"margin-top:0px;margin-bottom:31px;\"><h2 class=\"title-heading-center\" style=\"margin:0;\"><h2 style=\"text-align: center;\">D\u00c9COUVREZ TOUS NOS B\u00c9TONS D\u00c9CORATIFS<\/h2><\/h2><\/div><div class=\"fusion-clearfix\"><\/div><\/div><\/div><div class=\"fusion-layout-column fusion_builder_column fusion-builder-column-2 fusion_builder_column_1_3 1_3 fusion-one-third fusion-column-first\" style=\"width:33.333333333333%;width:calc(33.333333333333% - ( ( 4% + 4% ) * 0.33333333333333 ) );margin-right: 4%;margin-top:0px;margin-bottom:20px;\"><div class=\"fusion-column-wrapper fusion-flex-column-wrapper-legacy\" style=\"background-position:left top;background-repeat:no-repeat;-webkit-background-size:cover;-moz-background-size:cover;-o-background-size:cover;background-size:cover;padding: 0px 0px 0px 0px;\"><div class=\"imageframe-align-center\"><span class=\" fusion-imageframe imageframe-none imageframe-1 hover-type-zoomin fusion-animated\" data-animationType=\"fadeInDown\" data-animationDuration=\"0.3\" data-animationOffset=\"100%\"><a class=\"fusion-no-lightbox\" href=\"http:\/\/www.innovsols.fr\/index.php\/beton-desactive\/\" target=\"_self\"><img alt=\"B\u00c9TON D\u00c9SACTIV\u00c9\" src=\"http:\/\/www.innovsols.fr\/wp-content\/uploads\/2016\/10\/beton-desactive-echantillon.png\" class=\"img-responsive\"\/><\/a><\/span><\/div><div class=\"fusion-text fusion-text-2\" style=\"transform:translate3d(0,0,0);\"><h3 style=\"text-align: center;\"><span style=\"color: #000000;\"><a style=\"color: #000000;\" href=\"http:\/\/www.innovsols.fr\/index.php\/beton-desactive\/\">B\u00c9TON D\u00c9SACTIV\u00c9<\/a><\/span><\/h3>\n<\/div><div class=\"fusion-clearfix\"><\/div><\/div><\/div><div class=\"fusion-layout-column fusion_builder_column fusion-builder-column-3 fusion_builder_column_1_3 1_3 fusion-one-third\" style=\"width:33.333333333333%;width:calc(33.333333333333% - ( ( 4% + 4% ) * 0.33333333333333 ) );margin-right: 4%;margin-top:0px;margin-bottom:20px;\"><div class=\"fusion-column-wrapper fusion-flex-column-wrapper-legacy\" style=\"background-position:left top;background-repeat:no-repeat;-webkit-background-size:cover;-moz-background-size:cover;-o-background-size:cover;background-size:cover;padding: 0px 0px 0px 0px;\"><div class=\"imageframe-align-center\"><span class=\" fusion-imageframe imageframe-none imageframe-2 hover-type-zoomin fusion-animated\" data-animationType=\"fadeInDown\" data-animationDuration=\"0.3\" data-animationOffset=\"100%\"><a class=\"fusion-no-lightbox\" href=\"http:\/\/www.innovsols.fr\/index.php\/beton-empreinte-imprime\/\" target=\"_self\" aria-label=\"beton-empreinte-echantillon\"><img width=\"522\" height=\"522\" alt=\"B\u00c9TON EMPREINTE\/IMPRIM\u00c9\" src=\"http:\/\/www.innovsols.fr\/wp-content\/uploads\/2016\/10\/beton-empreinte-echantillon.png\" class=\"img-responsive wp-image-39\" srcset=\"https:\/\/www.innovsols.fr\/wp-content\/uploads\/2016\/10\/beton-empreinte-echantillon-200x200.png 200w, https:\/\/www.innovsols.fr\/wp-content\/uploads\/2016\/10\/beton-empreinte-echantillon-400x400.png 400w, https:\/\/www.innovsols.fr\/wp-content\/uploads\/2016\/10\/beton-empreinte-echantillon.png 522w\" sizes=\"(max-width: 800px) 100vw, 400px\" \/><\/a><\/span><\/div><div class=\"fusion-text fusion-text-3\" style=\"transform:translate3d(0,0,0);\"><h3 style=\"text-align: center;\"><span style=\"color: #000000;\"><a style=\"color: #000000;\" href=\"http:\/\/www.innovsols.fr\/index.php\/beton-empreinte-imprime\/\">B\u00c9TON EMPREINTE\/IMPRIM\u00c9<\/a><\/span><\/h3>\n<\/div><div class=\"fusion-clearfix\"><\/div><\/div><\/div><div class=\"fusion-layout-column fusion_builder_column fusion-builder-column-4 fusion_builder_column_1_3 1_3 fusion-one-third fusion-column-last\" style=\"width:33.333333333333%;width:calc(33.333333333333% - ( ( 4% + 4% ) * 0.33333333333333 ) );margin-top:0px;margin-bottom:20px;\"><div class=\"fusion-column-wrapper fusion-flex-column-wrapper-legacy\" style=\"background-position:left top;background-repeat:no-repeat;-webkit-background-size:cover;-moz-background-size:cover;-o-background-size:cover;background-size:cover;padding: 0px 0px 0px 0px;\"><div class=\"imageframe-align-center\"><span class=\" fusion-imageframe imageframe-none imageframe-3 hover-type-zoomin fusion-animated\" data-animationType=\"fadeInDown\" data-animationDuration=\"0.3\" data-animationOffset=\"100%\"><a class=\"fusion-no-lightbox\" href=\"http:\/\/www.innovsols.fr\/index.php\/beton-drainant\/\" target=\"_self\"><img alt=\"B\u00c9TON DRAINANT\" src=\"http:\/\/www.innovsols.fr\/wp-content\/uploads\/2016\/10\/beton-drainant-echantillon.png\" class=\"img-responsive\"\/><\/a><\/span><\/div><div class=\"fusion-text fusion-text-4\" style=\"transform:translate3d(0,0,0);\"><h3 style=\"text-align: center;\"><span style=\"color: #000000;\"><a style=\"color: #000000;\" href=\"http:\/\/www.innovsols.fr\/index.php\/beton-drainant\/\">B\u00c9TON DRAINANT<\/a><\/span><\/h3>\n<\/div><div class=\"fusion-clearfix\"><\/div><\/div><\/div><div class=\"fusion-layout-column fusion_builder_column fusion-builder-column-5 fusion_builder_column_1_3 1_3 fusion-one-third fusion-column-first\" style=\"width:33.333333333333%;width:calc(33.333333333333% - ( ( 4% + 4% ) * 0.33333333333333 ) );margin-right: 4%;margin-top:0px;margin-bottom:20px;\"><div class=\"fusion-column-wrapper fusion-flex-column-wrapper-legacy\" style=\"background-position:left top;background-repeat:no-repeat;-webkit-background-size:cover;-moz-background-size:cover;-o-background-size:cover;background-size:cover;padding: 0px 0px 0px 0px;\"><div class=\"imageframe-align-center\"><span class=\" fusion-imageframe imageframe-none imageframe-4 hover-type-zoomin fusion-animated\" data-animationType=\"fadeInDown\" data-animationDuration=\"0.3\" data-animationOffset=\"100%\"><a class=\"fusion-no-lightbox\" href=\"http:\/\/www.innovsols.fr\/index.php\/beton-sable\/\" target=\"_self\" aria-label=\"beton-sable-echantillon\"><img width=\"522\" height=\"522\" alt=\"B\u00c9TON SABL\u00c9\" src=\"http:\/\/www.innovsols.fr\/wp-content\/uploads\/2016\/10\/beton-sable-echantillon.png\" class=\"img-responsive wp-image-33\" srcset=\"https:\/\/www.innovsols.fr\/wp-content\/uploads\/2016\/10\/beton-sable-echantillon-200x200.png 200w, https:\/\/www.innovsols.fr\/wp-content\/uploads\/2016\/10\/beton-sable-echantillon-400x400.png 400w, https:\/\/www.innovsols.fr\/wp-content\/uploads\/2016\/10\/beton-sable-echantillon.png 522w\" sizes=\"(max-width: 800px) 100vw, 400px\" \/><\/a><\/span><\/div><div class=\"fusion-text fusion-text-5\" style=\"transform:translate3d(0,0,0);\"><h3 style=\"text-align: center;\"><span style=\"color: #000000;\"><a style=\"color: #000000;\" href=\"http:\/\/www.innovsols.fr\/index.php\/beton-sable\/\">B\u00c9TON SABL\u00c9<\/a><\/span><\/h3>\n<\/div><div class=\"fusion-clearfix\"><\/div><\/div><\/div><div class=\"fusion-layout-column fusion_builder_column fusion-builder-column-6 fusion_builder_column_1_3 1_3 fusion-one-third\" style=\"width:33.333333333333%;width:calc(33.333333333333% - ( ( 4% + 4% ) * 0.33333333333333 ) );margin-right: 4%;margin-top:0px;margin-bottom:20px;\"><div class=\"fusion-column-wrapper fusion-flex-column-wrapper-legacy\" style=\"background-position:left top;background-repeat:no-repeat;-webkit-background-size:cover;-moz-background-size:cover;-o-background-size:cover;background-size:cover;padding: 0px 0px 0px 0px;\"><div class=\"imageframe-align-center\"><span class=\" fusion-imageframe imageframe-none imageframe-5 hover-type-zoomin fusion-animated\" data-animationType=\"fadeInDown\" data-animationDuration=\"0.3\" data-animationOffset=\"100%\"><a class=\"fusion-no-lightbox\" href=\"http:\/\/www.innovsols.fr\/index.php\/beton-balaye\/\" target=\"_self\" aria-label=\"beton-balaye-echantillon\"><img width=\"522\" height=\"522\" alt=\"B\u00c9TON BALAY\u00c9\" src=\"http:\/\/www.innovsols.fr\/wp-content\/uploads\/2016\/10\/beton-balaye-echantillon.png\" class=\"img-responsive wp-image-34\" srcset=\"https:\/\/www.innovsols.fr\/wp-content\/uploads\/2016\/10\/beton-balaye-echantillon-200x200.png 200w, https:\/\/www.innovsols.fr\/wp-content\/uploads\/2016\/10\/beton-balaye-echantillon-400x400.png 400w, https:\/\/www.innovsols.fr\/wp-content\/uploads\/2016\/10\/beton-balaye-echantillon.png 522w\" sizes=\"(max-width: 800px) 100vw, 400px\" \/><\/a><\/span><\/div><div class=\"fusion-text fusion-text-6\" style=\"transform:translate3d(0,0,0);\"><h3 style=\"text-align: center;\"><span style=\"color: #000000;\"><a style=\"color: #000000;\" href=\"http:\/\/www.innovsols.fr\/index.php\/beton-balaye\/\">B\u00c9TON BALAY\u00c9<\/a><\/span><\/h3>\n<\/div><div class=\"fusion-clearfix\"><\/div><\/div><\/div><div class=\"fusion-layout-column fusion_builder_column fusion-builder-column-7 fusion_builder_column_1_3 1_3 fusion-one-third fusion-column-last\" style=\"width:33.333333333333%;width:calc(33.333333333333% - ( ( 4% + 4% ) * 0.33333333333333 ) );margin-top:0px;margin-bottom:20px;\"><div class=\"fusion-column-wrapper fusion-flex-column-wrapper-legacy\" style=\"background-position:left top;background-repeat:no-repeat;-webkit-background-size:cover;-moz-background-size:cover;-o-background-size:cover;background-size:cover;padding: 0px 0px 0px 0px;\"><div class=\"imageframe-align-center\"><span class=\" fusion-imageframe imageframe-none imageframe-6 hover-type-zoomin fusion-animated\" data-animationType=\"fadeInDown\" data-animationDuration=\"0.3\" data-animationOffset=\"100%\"><a class=\"fusion-no-lightbox\" href=\"http:\/\/www.innovsols.fr\/index.php\/beton-poli\/\" target=\"_self\" aria-label=\"beton-poli-echantillon\"><img width=\"522\" height=\"522\" alt=\"B\u00c9TON POLI\" src=\"http:\/\/www.innovsols.fr\/wp-content\/uploads\/2016\/10\/beton-poli-echantillon.png\" class=\"img-responsive wp-image-41\" srcset=\"https:\/\/www.innovsols.fr\/wp-content\/uploads\/2016\/10\/beton-poli-echantillon-200x200.png 200w, https:\/\/www.innovsols.fr\/wp-content\/uploads\/2016\/10\/beton-poli-echantillon-400x400.png 400w, https:\/\/www.innovsols.fr\/wp-content\/uploads\/2016\/10\/beton-poli-echantillon.png 522w\" sizes=\"(max-width: 800px) 100vw, 400px\" \/><\/a><\/span><\/div><div class=\"fusion-text fusion-text-7\" style=\"transform:translate3d(0,0,0);\"><h3 style=\"text-align: center;\"><span style=\"color: #000000;\"><a style=\"color: #000000;\" href=\"http:\/\/www.innovsols.fr\/index.php\/beton-poli\/\">B\u00c9TON POLI<\/a><\/span><\/h3>\n<\/div><div class=\"fusion-clearfix\"><\/div><\/div><\/div><div class=\"fusion-layout-column fusion_builder_column fusion-builder-column-8 fusion_builder_column_1_3 1_3 fusion-one-third fusion-column-first\" style=\"width:33.333333333333%;width:calc(33.333333333333% - ( ( 4% + 4% ) * 0.33333333333333 ) );margin-right: 4%;margin-top:0px;margin-bottom:20px;\"><div class=\"fusion-column-wrapper fusion-flex-column-wrapper-legacy\" style=\"background-position:left top;background-repeat:no-repeat;-webkit-background-size:cover;-moz-background-size:cover;-o-background-size:cover;background-size:cover;padding: 0px 0px 0px 0px;\"><div class=\"imageframe-align-center\"><span class=\" fusion-imageframe imageframe-none imageframe-7 hover-type-zoomin fusion-animated\" data-animationType=\"fadeInDown\" data-animationDuration=\"0.3\" data-animationOffset=\"100%\"><a class=\"fusion-no-lightbox\" href=\"http:\/\/www.innovsols.fr\/index.php\/beton-boucharde\/\" target=\"_self\" aria-label=\"beton-boucharde-echantillon\"><img width=\"522\" height=\"522\" alt=\"B\u00c9TON BOUCHARD\u00c9\" src=\"http:\/\/www.innovsols.fr\/wp-content\/uploads\/2016\/10\/beton-boucharde-echantillon.png\" class=\"img-responsive wp-image-35\" srcset=\"https:\/\/www.innovsols.fr\/wp-content\/uploads\/2016\/10\/beton-boucharde-echantillon-200x200.png 200w, https:\/\/www.innovsols.fr\/wp-content\/uploads\/2016\/10\/beton-boucharde-echantillon-400x400.png 400w, https:\/\/www.innovsols.fr\/wp-content\/uploads\/2016\/10\/beton-boucharde-echantillon.png 522w\" sizes=\"(max-width: 800px) 100vw, 400px\" \/><\/a><\/span><\/div><div class=\"fusion-text fusion-text-8\" style=\"transform:translate3d(0,0,0);\"><h3 style=\"text-align: center;\"><span style=\"color: #000000;\"><a style=\"color: #000000;\" href=\"http:\/\/www.innovsols.fr\/index.php\/beton-boucharde\/\">B\u00c9TON BOUCHARD\u00c9<\/a><\/span><\/h3>\n<\/div><div class=\"fusion-clearfix\"><\/div><\/div><\/div><div class=\"fusion-layout-column fusion_builder_column fusion-builder-column-9 fusion_builder_column_1_3 1_3 fusion-one-third\" style=\"width:33.333333333333%;width:calc(33.333333333333% - ( ( 4% + 4% ) * 0.33333333333333 ) );margin-right: 4%;margin-top:0px;margin-bottom:20px;\"><div class=\"fusion-column-wrapper fusion-flex-column-wrapper-legacy\" style=\"background-position:left top;background-repeat:no-repeat;-webkit-background-size:cover;-moz-background-size:cover;-o-background-size:cover;background-size:cover;padding: 0px 0px 0px 0px;\"><div class=\"imageframe-align-center\"><span class=\" fusion-imageframe imageframe-none imageframe-8 hover-type-zoomin fusion-animated\" data-animationType=\"fadeInDown\" data-animationDuration=\"0.3\" data-animationOffset=\"100%\"><a class=\"fusion-no-lightbox\" href=\"http:\/\/www.innovsols.fr\/index.php\/beton-colore\/\" target=\"_self\" aria-label=\"beton-colore-echantillon\"><img width=\"522\" height=\"522\" alt=\"B\u00c9TON COLOR\u00c9\" src=\"http:\/\/www.innovsols.fr\/wp-content\/uploads\/2016\/10\/beton-colore-echantillon.png\" class=\"img-responsive wp-image-36\" srcset=\"https:\/\/www.innovsols.fr\/wp-content\/uploads\/2016\/10\/beton-colore-echantillon-200x200.png 200w, https:\/\/www.innovsols.fr\/wp-content\/uploads\/2016\/10\/beton-colore-echantillon-400x400.png 400w, https:\/\/www.innovsols.fr\/wp-content\/uploads\/2016\/10\/beton-colore-echantillon.png 522w\" sizes=\"(max-width: 800px) 100vw, 400px\" \/><\/a><\/span><\/div><div class=\"fusion-text fusion-text-9\" style=\"transform:translate3d(0,0,0);\"><h3 style=\"text-align: center;\"><span style=\"color: #000000;\"><a style=\"color: #000000;\" href=\"http:\/\/www.innovsols.fr\/index.php\/beton-colore\/\">B\u00c9TON COLOR\u00c9<\/a><\/span><\/h3>\n<\/div><div class=\"fusion-clearfix\"><\/div><\/div><\/div><div class=\"fusion-layout-column fusion_builder_column fusion-builder-column-10 fusion_builder_column_1_3 1_3 fusion-one-third fusion-column-last\" style=\"width:33.333333333333%;width:calc(33.333333333333% - ( ( 4% + 4% ) * 0.33333333333333 ) );margin-top:0px;margin-bottom:20px;\"><div class=\"fusion-column-wrapper fusion-flex-column-wrapper-legacy\" style=\"background-position:left top;background-repeat:no-repeat;-webkit-background-size:cover;-moz-background-size:cover;-o-background-size:cover;background-size:cover;padding: 0px 0px 0px 0px;\"><div class=\"imageframe-align-center\"><span class=\" fusion-imageframe imageframe-none imageframe-9 hover-type-zoomin fusion-animated\" data-animationType=\"fadeInDown\" data-animationDuration=\"0.3\" data-animationOffset=\"100%\"><a class=\"fusion-no-lightbox\" href=\"http:\/\/www.innovsols.fr\/index.php\/beton-luminescent\/\" target=\"_self\" aria-label=\"beton-luminescent-echantillon\"><img width=\"522\" height=\"522\" alt=\"B\u00c9TON LUMINESCENT\" src=\"http:\/\/www.innovsols.fr\/wp-content\/uploads\/2016\/10\/beton-luminescent-echantillon.png\" class=\"img-responsive wp-image-40\" srcset=\"https:\/\/www.innovsols.fr\/wp-content\/uploads\/2016\/10\/beton-luminescent-echantillon-200x200.png 200w, https:\/\/www.innovsols.fr\/wp-content\/uploads\/2016\/10\/beton-luminescent-echantillon-400x400.png 400w, https:\/\/www.innovsols.fr\/wp-content\/uploads\/2016\/10\/beton-luminescent-echantillon.png 522w\" sizes=\"(max-width: 800px) 100vw, 400px\" \/><\/a><\/span><\/div><div class=\"fusion-text fusion-text-10\" style=\"transform:translate3d(0,0,0);\"><h3 style=\"text-align: center;\"><span style=\"color: #000000;\"><a style=\"color: #000000;\" href=\"http:\/\/www.innovsols.fr\/index.php\/beton-luminescent\/\">B\u00c9TON LUMINESCENT<\/a><\/span><\/h3>\n<\/div><div class=\"fusion-clearfix\"><\/div><\/div><\/div><\/div><\/div><div class=\"fusion-fullwidth fullwidth-box fusion-builder-row-5 fusion-parallax-fixed nonhundred-percent-fullwidth non-hundred-percent-height-scrolling\" style=\"background-color: rgba(255,255,255,0);background-image: url(&quot;http:\/\/www.innovsols.fr\/wp-content\/uploads\/2016\/10\/Fotolia_47923233_Subscription_Monthly_M-e1412704057960.jpg&quot;);background-position: center bottom;background-repeat: no-repeat;padding-top:20px;padding-right:0px;padding-bottom:20px;padding-left:0px;margin-bottom: 0px;margin-top: 0px;border-width: 0px 0px 0px 0px;border-color:#eae9e9;border-style:solid;-webkit-background-size:cover;-moz-background-size:cover;-o-background-size:cover;background-size:cover;background-attachment:fixed;\" ><div class=\"fusion-builder-row fusion-row\"><\/div><\/div><\/p>\n","protected":false},"excerpt":{"rendered":"","protected":false},"author":4,"featured_media":0,"parent":0,"menu_order":0,"comment_status":"closed","ping_status":"closed","template":"100-width.php","meta":[],"yoast_head":"<!-- This site is optimized with the Yoast SEO plugin v15.7 - https:\/\/yoast.com\/wordpress\/plugins\/seo\/ -->\n<title>Accueil INNOV&#039;SOLS - INNOVSOLS<\/title>\n<meta name=\"description\" content=\"INNOV&#039;SOLS est sp\u00e9cialis\u00e9e dans les sols en b\u00e9ton d\u00e9coratif pour vos am\u00e9nagement ext\u00e9rieurs. INNOV&#039;SOLS intervient sur Lyon et la r\u00e9gion Rh\u00f4ne-Alpes.\" \/>\n<meta name=\"robots\" content=\"index, follow, max-snippet:-1, max-image-preview:large, max-video-preview:-1\" \/>\n<link rel=\"canonical\" href=\"https:\/\/www.innovsols.fr\/\" \/>\n<meta property=\"og:locale\" content=\"fr_FR\" \/>\n<meta property=\"og:type\" content=\"article\" \/>\n<meta property=\"og:title\" content=\"Accueil INNOV&#039;SOLS - INNOVSOLS\" \/>\n<meta property=\"og:description\" content=\"INNOV&#039;SOLS est sp\u00e9cialis\u00e9e dans les sols en b\u00e9ton d\u00e9coratif pour vos am\u00e9nagement ext\u00e9rieurs. INNOV&#039;SOLS intervient sur Lyon et la r\u00e9gion Rh\u00f4ne-Alpes.\" \/>\n<meta property=\"og:url\" content=\"https:\/\/www.innovsols.fr\/\" \/>\n<meta property=\"og:site_name\" content=\"INNOVSOLS\" \/>\n<meta property=\"article:modified_time\" content=\"2021-10-11T08:58:09+00:00\" \/>\n<meta name=\"twitter:card\" content=\"summary\" \/>\n<meta name=\"twitter:label1\" content=\"Dur\u00e9e de lecture est.\">\n\t<meta name=\"twitter:data1\" content=\"4 minutes\">\n<script type=\"application\/ld+json\" class=\"yoast-schema-graph\">{\"@context\":\"https:\/\/schema.org\",\"@graph\":[{\"@type\":\"WebSite\",\"@id\":\"https:\/\/www.innovsols.fr\/#website\",\"url\":\"https:\/\/www.innovsols.fr\/\",\"name\":\"INNOVSOLS\",\"description\":\"L\\u2019ART DU B\\u00c9TON D\\u00c9CORATIF EXT\\u00c9RIEUR\",\"potentialAction\":[{\"@type\":\"SearchAction\",\"target\":\"https:\/\/www.innovsols.fr\/?s={search_term_string}\",\"query-input\":\"required name=search_term_string\"}],\"inLanguage\":\"fr-FR\"},{\"@type\":\"WebPage\",\"@id\":\"https:\/\/www.innovsols.fr\/#webpage\",\"url\":\"https:\/\/www.innovsols.fr\/\",\"name\":\"Accueil INNOV'SOLS - INNOVSOLS\",\"isPartOf\":{\"@id\":\"https:\/\/www.innovsols.fr\/#website\"},\"datePublished\":\"2016-10-14T15:00:25+00:00\",\"dateModified\":\"2021-10-11T08:58:09+00:00\",\"description\":\"INNOV'SOLS est sp\\u00e9cialis\\u00e9e dans les sols en b\\u00e9ton d\\u00e9coratif pour vos am\\u00e9nagement ext\\u00e9rieurs. INNOV'SOLS intervient sur Lyon et la r\\u00e9gion Rh\\u00f4ne-Alpes.\",\"inLanguage\":\"fr-FR\",\"potentialAction\":[{\"@type\":\"ReadAction\",\"target\":[\"https:\/\/www.innovsols.fr\/\"]}]}]}<\/script>\n<!-- \/ Yoast SEO plugin. -->","_links":{"self":[{"href":"https:\/\/www.innovsols.fr\/index.php\/wp-json\/wp\/v2\/pages\/12"}],"collection":[{"href":"https:\/\/www.innovsols.fr\/index.php\/wp-json\/wp\/v2\/pages"}],"about":[{"href":"https:\/\/www.innovsols.fr\/index.php\/wp-json\/wp\/v2\/types\/page"}],"author":[{"embeddable":true,"href":"https:\/\/www.innovsols.fr\/index.php\/wp-json\/wp\/v2\/users\/4"}],"replies":[{"embeddable":true,"href":"https:\/\/www.innovsols.fr\/index.php\/wp-json\/wp\/v2\/comments?post=12"}],"version-history":[{"count":49,"href":"https:\/\/www.innovsols.fr\/index.php\/wp-json\/wp\/v2\/pages\/12\/revisions"}],"predecessor-version":[{"id":467,"href":"https:\/\/www.innovsols.fr\/index.php\/wp-json\/wp\/v2\/pages\/12\/revisions\/467"}],"wp:attachment":[{"href":"https:\/\/www.innovsols.fr\/index.php\/wp-json\/wp\/v2\/media?parent=12"}],"curies":[{"name":"wp","href":"https:\/\/api.w.org\/{rel}","templated":true}]}}