{"id":69,"date":"2016-10-14T18:08:14","date_gmt":"2016-10-14T16:08:14","guid":{"rendered":"http:\/\/www.innovsols.fr\/?page_id=69"},"modified":"2019-12-20T12:25:12","modified_gmt":"2019-12-20T11:25:12","slug":"innovsols","status":"publish","type":"page","link":"https:\/\/www.innovsols.fr\/index.php\/innovsols\/","title":{"rendered":"INNOVSOLS &#8211; A propos de nous"},"content":{"rendered":"<div class=\"fusion-fullwidth fullwidth-box fusion-builder-row-1 nonhundred-percent-fullwidth non-hundred-percent-height-scrolling\" style=\"background-color: rgba(255,255,255,0);background-position: center center;background-repeat: no-repeat;padding-top:20px;padding-right:0px;padding-bottom:20px;padding-left:0px;margin-bottom: 0px;margin-top: 0px;border-width: 0px 0px 0px 0px;border-color:#eae9e9;border-style:solid;\" ><div class=\"fusion-builder-row fusion-row\"><div class=\"fusion-layout-column fusion_builder_column fusion-builder-column-0 fusion_builder_column_3_5 3_5 fusion-three-fifth fusion-column-first\" style=\"width:60%;width:calc(60% - ( ( 4% ) * 0.6 ) );margin-right: 4%;margin-top:0px;margin-bottom:20px;\"><div class=\"fusion-column-wrapper fusion-flex-column-wrapper-legacy\" style=\"background-position:left top;background-repeat:no-repeat;-webkit-background-size:cover;-moz-background-size:cover;-o-background-size:cover;background-size:cover;padding: 0px 0px 0px 0px;\"><div class=\"fusion-text fusion-text-1\" style=\"transform:translate3d(0,0,0);\"><h2 style=\"text-align: justify;\">INNOV&#8217;SOLS intervient dans toute la r\u00e9gion Rh\u00f4ne-Alpes.<\/h2>\n<p style=\"text-align: justify;\">La soci\u00e9t\u00e9\u00a0<strong>INNOV&#8217;SOLS<\/strong>, fond\u00e9e en 2002 par <strong>Sylvain BADOIL<\/strong>, est sp\u00e9cialis\u00e9e dans les\u00a0sols en <strong>b\u00e9ton d\u00e9coratif<\/strong> pour tous vos am\u00e9nagements :<\/p>\n<ul>\n<li style=\"text-align: justify;\"><strong>b\u00e9ton d\u00e9sactiv\u00e9,<\/strong><\/li>\n<li style=\"text-align: justify;\"><strong>b\u00e9ton bouchard\u00e9,<\/strong><\/li>\n<li style=\"text-align: justify;\"><strong>b\u00e9ton poli,<\/strong><\/li>\n<li style=\"text-align: justify;\"><strong>b\u00e9ton drainant,<\/strong><\/li>\n<li style=\"text-align: justify;\"><strong>b\u00e9ton sabl\u00e9,<\/strong><\/li>\n<li style=\"text-align: justify;\"><strong>b\u00e9ton empreinte ou imprim\u00e9<\/strong><\/li>\n<li style=\"text-align: justify;\"><strong>b\u00e9ton luminescent.<\/strong><\/li>\n<\/ul>\n<p style=\"text-align: justify;\">Pour la r\u00e9alisation de votre plage piscine, terrasse, acc\u00e8s voiture, un <strong>large choix de coloris<\/strong> s\u2019offre \u00e0 vous.<\/p>\n<\/div><div class=\"fusion-clearfix\"><\/div><\/div><\/div><div class=\"fusion-layout-column fusion_builder_column fusion-builder-column-1 fusion_builder_column_2_5 2_5 fusion-two-fifth fusion-column-last\" style=\"width:40%;width:calc(40% - ( ( 4% ) * 0.4 ) );margin-top:0px;margin-bottom:20px;\"><div class=\"fusion-column-wrapper fusion-flex-column-wrapper-legacy\" style=\"background-position:left top;background-repeat:no-repeat;-webkit-background-size:cover;-moz-background-size:cover;-o-background-size:cover;background-size:cover;padding: 0px 0px 0px 0px;\"><span class=\" fusion-imageframe imageframe-glow imageframe-1 hover-type-zoomin\" style=\"-webkit-box-shadow: 0 0 3px rgba(0,0,0,0.3);box-shadow: 0 0 3px rgba(0,0,0,0.3);\"><img width=\"400\" height=\"300\" title=\"beton-sable-diaporama-4\" src=\"http:\/\/www.innovsols.fr\/wp-content\/uploads\/2016\/10\/beton-sable-diaporama-4.jpg\" class=\"img-responsive wp-image-214\" srcset=\"https:\/\/www.innovsols.fr\/wp-content\/uploads\/2016\/10\/beton-sable-diaporama-4-200x150.jpg 200w, https:\/\/www.innovsols.fr\/wp-content\/uploads\/2016\/10\/beton-sable-diaporama-4.jpg 400w\" sizes=\"(max-width: 800px) 100vw, 400px\" \/><\/span><div class=\"fusion-clearfix\"><\/div><\/div><\/div><\/div><\/div>\n","protected":false},"excerpt":{"rendered":"","protected":false},"author":4,"featured_media":0,"parent":0,"menu_order":0,"comment_status":"closed","ping_status":"closed","template":"","meta":[],"yoast_head":"<!-- This site is optimized with the Yoast SEO plugin v15.7 - https:\/\/yoast.com\/wordpress\/plugins\/seo\/ -->\n<title>INNOVSOLS - A propos de nous - INNOVSOLS<\/title>\n<meta name=\"description\" content=\"La soci\u00e9t\u00e9 INNOV\u2019SOLS, fond\u00e9e en 2002 par Sylvain BADOIL et Ludovic POLSINELLI, est sp\u00e9cialis\u00e9e dans les sols en b\u00e9ton d\u00e9coratif pour tous vos am\u00e9nagements.\" \/>\n<meta name=\"robots\" content=\"index, follow, max-snippet:-1, max-image-preview:large, max-video-preview:-1\" \/>\n<link rel=\"canonical\" href=\"https:\/\/www.innovsols.fr\/index.php\/innovsols\/\" \/>\n<meta property=\"og:locale\" content=\"fr_FR\" \/>\n<meta property=\"og:type\" content=\"article\" \/>\n<meta property=\"og:title\" content=\"INNOVSOLS - A propos de nous - INNOVSOLS\" \/>\n<meta property=\"og:description\" content=\"La soci\u00e9t\u00e9 INNOV\u2019SOLS, fond\u00e9e en 2002 par Sylvain BADOIL et Ludovic POLSINELLI, est sp\u00e9cialis\u00e9e dans les sols en b\u00e9ton d\u00e9coratif pour tous vos am\u00e9nagements.\" \/>\n<meta property=\"og:url\" content=\"https:\/\/www.innovsols.fr\/index.php\/innovsols\/\" \/>\n<meta property=\"og:site_name\" content=\"INNOVSOLS\" \/>\n<meta property=\"article:modified_time\" content=\"2019-12-20T11:25:12+00:00\" \/>\n<meta name=\"twitter:card\" content=\"summary\" \/>\n<meta name=\"twitter:label1\" content=\"Dur\u00e9e de lecture est.\">\n\t<meta name=\"twitter:data1\" content=\"2 minutes\">\n<script type=\"application\/ld+json\" class=\"yoast-schema-graph\">{\"@context\":\"https:\/\/schema.org\",\"@graph\":[{\"@type\":\"WebSite\",\"@id\":\"https:\/\/www.innovsols.fr\/#website\",\"url\":\"https:\/\/www.innovsols.fr\/\",\"name\":\"INNOVSOLS\",\"description\":\"L\\u2019ART DU B\\u00c9TON D\\u00c9CORATIF EXT\\u00c9RIEUR\",\"potentialAction\":[{\"@type\":\"SearchAction\",\"target\":\"https:\/\/www.innovsols.fr\/?s={search_term_string}\",\"query-input\":\"required name=search_term_string\"}],\"inLanguage\":\"fr-FR\"},{\"@type\":\"WebPage\",\"@id\":\"https:\/\/www.innovsols.fr\/index.php\/innovsols\/#webpage\",\"url\":\"https:\/\/www.innovsols.fr\/index.php\/innovsols\/\",\"name\":\"INNOVSOLS - A propos de nous - INNOVSOLS\",\"isPartOf\":{\"@id\":\"https:\/\/www.innovsols.fr\/#website\"},\"datePublished\":\"2016-10-14T16:08:14+00:00\",\"dateModified\":\"2019-12-20T11:25:12+00:00\",\"description\":\"La soci\\u00e9t\\u00e9 INNOV\\u2019SOLS, fond\\u00e9e en 2002 par Sylvain BADOIL et Ludovic POLSINELLI, est sp\\u00e9cialis\\u00e9e dans les sols en b\\u00e9ton d\\u00e9coratif pour tous vos am\\u00e9nagements.\",\"inLanguage\":\"fr-FR\",\"potentialAction\":[{\"@type\":\"ReadAction\",\"target\":[\"https:\/\/www.innovsols.fr\/index.php\/innovsols\/\"]}]}]}<\/script>\n<!-- \/ Yoast SEO plugin. -->","_links":{"self":[{"href":"https:\/\/www.innovsols.fr\/index.php\/wp-json\/wp\/v2\/pages\/69"}],"collection":[{"href":"https:\/\/www.innovsols.fr\/index.php\/wp-json\/wp\/v2\/pages"}],"about":[{"href":"https:\/\/www.innovsols.fr\/index.php\/wp-json\/wp\/v2\/types\/page"}],"author":[{"embeddable":true,"href":"https:\/\/www.innovsols.fr\/index.php\/wp-json\/wp\/v2\/users\/4"}],"replies":[{"embeddable":true,"href":"https:\/\/www.innovsols.fr\/index.php\/wp-json\/wp\/v2\/comments?post=69"}],"version-history":[{"count":9,"href":"https:\/\/www.innovsols.fr\/index.php\/wp-json\/wp\/v2\/pages\/69\/revisions"}],"predecessor-version":[{"id":415,"href":"https:\/\/www.innovsols.fr\/index.php\/wp-json\/wp\/v2\/pages\/69\/revisions\/415"}],"wp:attachment":[{"href":"https:\/\/www.innovsols.fr\/index.php\/wp-json\/wp\/v2\/media?parent=69"}],"curies":[{"name":"wp","href":"https:\/\/api.w.org\/{rel}","templated":true}]}}