{"id":71,"date":"2016-10-14T18:09:13","date_gmt":"2016-10-14T16:09:13","guid":{"rendered":"http:\/\/www.innovsols.fr\/?page_id=71"},"modified":"2021-10-26T15:03:17","modified_gmt":"2021-10-26T13:03:17","slug":"contact","status":"publish","type":"page","link":"https:\/\/www.innovsols.fr\/index.php\/contact\/","title":{"rendered":"Contactez INNOV&#8217;SOLS, votre sp\u00e9cialiste du b\u00e9ton d\u00e9coratif sur Lyon, l&#8217;ouest lyonnais et la Loire"},"content":{"rendered":"<div class=\"fusion-fullwidth fullwidth-box fusion-builder-row-1 nonhundred-percent-fullwidth non-hundred-percent-height-scrolling\" style=\"background-color: rgba(255,255,255,0);background-position: center center;background-repeat: no-repeat;padding-top:20px;padding-right:0px;padding-bottom:20px;padding-left:0px;margin-bottom: 0px;margin-top: 0px;border-width: 0px 0px 0px 0px;border-color:#eae9e9;border-style:solid;\" ><div class=\"fusion-builder-row fusion-row\"><div class=\"fusion-layout-column fusion_builder_column fusion-builder-column-0 fusion_builder_column_3_4 3_4 fusion-three-fourth fusion-column-first\" style=\"width:75%;width:calc(75% - ( ( 4% ) * 0.75 ) );margin-right: 4%;margin-top:0px;margin-bottom:20px;\"><div class=\"fusion-column-wrapper fusion-flex-column-wrapper-legacy\" style=\"background-position:left top;background-repeat:no-repeat;-webkit-background-size:cover;-moz-background-size:cover;-o-background-size:cover;background-size:cover;padding: 0px 0px 0px 0px;\">\t\t\t\t\t<script type=\"text\/javascript\">\n\t\t\t\t\t\tvar map_fusion_map_69ea2101dccad;\n\t\t\t\t\t\tvar markers = [];\n\t\t\t\t\t\tvar counter = 0;\n\t\t\t\t\t\t\t\t\t\t\t\t\t\t\t\t\t\t\t\tvar fusionMapNonce = 'fe7a391bee';\n\t\t\t\t\t\t\t\t\t\t\t\tfunction fusion_run_map_fusion_map_69ea2101dccad() {\n\t\t\t\t\t\t\tjQuery('#fusion_map_69ea2101dccad').fusion_maps({\n\t\t\t\t\t\t\t\taddresses: [{\"address\":\"728 La Tuili\\u00e8re 69510 Thurins\",\"infobox_content\":\"728 La Tuili\\u00e8re 69510 Thurins\",\"coordinates\":false,\"cache\":true,\"latitude\":\"45.6782291\",\"longitude\":\"4.656222599999978\"}],\n\t\t\t\t\t\t\t\tanimations: false,\n\t\t\t\t\t\t\t\tinfobox_background_color: '',\n\t\t\t\t\t\t\t\tinfobox_styling: 'default',\n\t\t\t\t\t\t\t\tinfobox_text_color: '',\n\t\t\t\t\t\t\t\tmap_style: 'default',\n\t\t\t\t\t\t\t\tmap_type: 'roadmap',\n\t\t\t\t\t\t\t\tmarker_icon: '',\n\t\t\t\t\t\t\t\toverlay_color: '',\n\t\t\t\t\t\t\t\toverlay_color_hsl: {\"hue\":0,\"sat\":0,\"lum\":100},\n\t\t\t\t\t\t\t\tpan_control: true,\n\t\t\t\t\t\t\t\tshow_address: true,\n\t\t\t\t\t\t\t\tscale_control: true,\n\t\t\t\t\t\t\t\tscrollwheel: true,\n\t\t\t\t\t\t\t\tzoom: 16,\n\t\t\t\t\t\t\t\tzoom_control: true,\n\t\t\t\t\t\t\t});\n\t\t\t\t\t\t}\n\n\t\t\t\t\t\tgoogle.maps.event.addDomListener(window, 'load', fusion_run_map_fusion_map_69ea2101dccad);\n\t\t\t\t\t<\/script>\n\t\t\t\t\t<div class=\"shortcode-map fusion-google-map fusion-maps-js-type\" id=\"fusion_map_69ea2101dccad\" style=\"height:650px;width:100%;\"><\/div><div class=\"fusion-clearfix\"><\/div><\/div><\/div><div class=\"fusion-layout-column fusion_builder_column fusion-builder-column-1 fusion_builder_column_1_4 1_4 fusion-one-fourth fusion-column-last\" style=\"width:25%;width:calc(25% - ( ( 4% ) * 0.25 ) );margin-top:0px;margin-bottom:20px;\"><div class=\"fusion-column-wrapper fusion-flex-column-wrapper-legacy\" style=\"background-position:left top;background-repeat:no-repeat;-webkit-background-size:cover;-moz-background-size:cover;-o-background-size:cover;background-size:cover;padding: 0px 0px 0px 0px;\"><div class=\"fusion-text fusion-text-1\" style=\"transform:translate3d(0,0,0);\"><p><strong>INNOV&#8217; SOLS<\/strong><br \/>\nSp\u00e9cialiste des sols en b\u00e9ton d\u00e9coratif.<\/p>\n<p>Agence Rh\u00f4ne (si\u00e8ge social)<\/p>\n<p>728 La Tuili\u00e8re, 69510 Thurins<br \/>\n04 78 45 94 28<\/p>\n<hr \/>\n<p>Agence Loire<\/p>\n<p class=\"p1\">1460 route de la thoranche, 42210 Saint Laurent-la-Conche<\/p>\n<p class=\"p1\">Showroom ouvert sur RDV<\/p>\n<\/div><div style=\"display:none\" class=\"fm-form-container fm-theme28\"><div id=\"fm-pages1\" class=\"fm-pages wdform_page_navigation \" show_title=\"false\" show_numbers=\"true\" type=\"none\"><\/div><form name=\"form1\" action=\"\/index.php\/wp-json\/wp\/v2\/pages\/71\" method=\"post\" id=\"form1\" class=\"fm-form form1  \" enctype=\"multipart\/form-data\"><input type=\"hidden\" id=\"counter1\" value=\"11\" name=\"counter1\" \/><input type=\"hidden\" id=\"Itemid1\" value=\"\" name=\"Itemid1\" \/><input type=\"hidden\" id=\"fm_shake1\" value=\"1\" name=\"fm_shake1\" \/><input type=\"text\" class=\"fm-hide\" id=\"fm_empty_field_validation1\" value=\"\" name=\"fm_empty_field_validation1\" data-value=\"bd736efb144d599cf463541431fbf5c4\" \/><div class=\"wdform-page-and-images\" style=\"display:table; border-top:0px solid black;\"><div id=\"1form_view1\" class=\"wdform_page\" page_title=\"Untitled page\" next_title=\"Next\" next_type=\"text\" next_class=\"wdform-page-button\" next_checkable=\"false\" previous_title=\"Previous\" previous_type=\"text\" previous_class=\"wdform-page-button\" previous_checkable=\"false\"><div class=\"wdform_section\"><div class=\"wdform_column \"><div wdid=\"6\" class=\"wdform_row \" style=\"\"><div type=\"type_text\" class=\"wdform-field wd-width-100 wd-flex wd-flex-column\" data-hide-currency=\"no\"><div class=\"wdform-label-section wd-width-100  wd-flex-row wd-align-items-center\" style=\"max-width: 100px;\">    <label  for=\"wdform_6_element1\" class=\"wdform-label\">Votre nom<\/label><span class=\"wdform-required\">*<\/span><\/div><div class=\"wdform-element-section wd-flex  wd-flex-row wd-align-items-center wd-width-100\" style=\"max-width: 200px;\"><input type=\"text\"                           class=\"wd-width-100\"                           id=\"wdform_6_element1\"                           name=\"wdform_6_element1\"                           value=\"\"                           title=\"\"                           placeholder=\"\"                                                       \/><\/div><\/div><\/div><div wdid=\"2\" class=\"wdform_row \"><div type=\"type_submitter_mail\" class=\"wdform-field wd-width-100 wd-flex wd-flex-column\" data-hide-currency=\"no\"><div class=\"wdform-label-section wd-width-100  wd-flex-row\" style=\"max-width: 150px;\">    <label  for=\"wdform_2_element1\" class=\"wdform-label\">Votre e-mail :<\/label><span class=\"wdform-required\">*<\/span><\/div><div class=\"wdform-element-section wd-flex  wd-flex-row wd-width-100\" style=\"max-width: 200px;\"><input type=\"text\" class=\"wd-width-100\" id=\"wdform_2_element1\" name=\"wdform_2_element1\" value=\"\" title=\"\" placeholder=\"\"   onchange=\"wd_check_email('2', '1', 'Ceci n\\'est pas une adresse e-mail valide')\" \/><\/div><\/div><\/div><div wdid=\"10\" class=\"wdform_row \" style=\"\"><div type=\"type_text\" class=\"wdform-field wd-width-100 wd-flex wd-flex-column\" data-hide-currency=\"no\"><div class=\"wdform-label-section wd-width-100  wd-flex-row wd-align-items-center\" style=\"max-width: 100px;\">    <label  for=\"wdform_10_element1\" class=\"wdform-label\">Votre ville<\/label><span class=\"wdform-required\">*<\/span><\/div><div class=\"wdform-element-section wd-flex  wd-flex-row wd-align-items-center wd-width-100\" style=\"max-width: 200px;\"><input type=\"text\"                           class=\"wd-width-100\"                           id=\"wdform_10_element1\"                           name=\"wdform_10_element1\"                           value=\"\"                           title=\"\"                           placeholder=\"\"                                                       \/><\/div><\/div><\/div><div wdid=\"4\" class=\"wdform_row \"><div type=\"type_textarea\" class=\"wdform-field wd-width-100 wd-flex wd-flex-column\" data-hide-currency=\"no\"><div class=\"wdform-label-section wd-width-100 \" style=\"max-width: 150px;\">    <label  for=\"wdform_4_element1\" class=\"wdform-label\">Votre message :<\/label><\/div><div class=\"wdform-element-section wd-flex  wd-width-100\" style=\"max-width: 200px;\"><textarea class=\"wd-width-100\"                      id=\"wdform_4_element1\"                      name=\"wdform_4_element1\"                      placeholder=\"\"                      maxlength=\"\"                      style=\"height: 100px;\"                      ><\/textarea><\/div><\/div><\/div><div wdid=\"7\" class=\"wdform_row \"><div type=\"type_number\" class=\"wdform-field\" style=\"width: 200px\"><div class=\"wdform-label-section wd-width-100 \" style=\"max-width: 150px;\">    <label  for=\"wdform_7_element1\" class=\"wdform-label\">Votre t\u00e9l\u00e9phone :<\/label><\/div><div class=\"wdform-element-section  wd-block\" style=\"width: 200px;\">              <input type=\"text\"                     class=\"wd-width-100\"                     id=\"wdform_7_element1\"                     name=\"wdform_7_element1\"                     value=\"\"                     title=\"\"                     >              <\/div><\/div><\/div><div wdid=\"8\" class=\"wdform_row \"><div type=\"type_captcha\" class=\"wdform-field wd-width-100 wd-flex wd-flex-column\" data-hide-currency=\"no\"><div class=\"wdform-label-section wd-width-100  wd-flex-row wd-align-items-center\" style=\"max-width: 150px;\">    <label  for=\"wd_captcha_input1\" class=\"wdform-label\">Recopier ce code<\/label><\/div><div class=\"wdform-element-section wd-flex  wd-flex-row wd-align-items-center wd-width-100\" ><img type=\"captcha\"                           digit=\"6\"                           src=\" https:\/\/www.innovsols.fr\/wp-admin\/admin-ajax.php?action=formmakerwdcaptcha&digit=6&i=1\"                           id=\"wd_captcha1\"                           class=\"captcha_img wd-hidden\"                            \/><div class=\"captcha_refresh\" id=\"_element_refresh1\" ><\/div><input type=\"text\"                              class=\"captcha_input\"                              id=\"wd_captcha_input1\"                              name=\"captcha_input\"                              style=\"width: 80px;\"                               \/><\/div><\/div><\/div><div wdid=\"9\" class=\"wdform_row \"><div type=\"type_submit_reset\" class=\"wdform-field wd-width-100 wd-flex wd-flex-column\" data-hide-currency=\"no\"><div class=\"wdform-element-section wd-flex  wd-flex-row wd-width-100\" ><button  type=\"button\" class=\"button-submit\" onclick=\"fm_submit_form('1');\"  data-ajax=\"0\"><span class=\"fm-submit-loading spinner fm-ico-spinner\"><\/span>Envoyer<\/button><button  type=\"button\" class=\"button-reset wd-hidden\" onclick=\"fm_reset_form(1);\" >Reset<\/button><\/div><\/div><\/div><\/div><\/div><div valign=\"top\" class=\"wdform_footer\" style=\"width: 100%;\"><div style=\"width: 100%;\"><div style=\"width: 100%; display: table;\"><div style=\"display: table-row-group;\"><div id=\"1page_nav1\" style=\"display: table-row;\"><\/div><\/div><\/div><\/div><\/div><\/div><\/div><div class=\"wdform_preload\"><\/div><\/form><\/div><div class=\"fusion-clearfix\"><\/div><\/div><\/div><\/div><\/div>\n","protected":false},"excerpt":{"rendered":"","protected":false},"author":4,"featured_media":0,"parent":0,"menu_order":0,"comment_status":"closed","ping_status":"closed","template":"","meta":[],"yoast_head":"<!-- This site is optimized with the Yoast SEO plugin v15.7 - https:\/\/yoast.com\/wordpress\/plugins\/seo\/ -->\n<title>Contactez INNOV&#039;SOLS, votre sp\u00e9cialiste du b\u00e9ton d\u00e9coratif sur Lyon, l&#039;ouest lyonnais et la Loire - INNOVSOLS<\/title>\n<meta name=\"description\" content=\"Contactez INNOV&#039;SOLS, votre sp\u00e9cialiste du b\u00e9ton d\u00e9coratif dans le Rh\u00f4ne et la Loire. Nous intervenons sur Lyon, l&#039;ouest lyonnais et la Loire.\" \/>\n<meta name=\"robots\" content=\"index, follow, max-snippet:-1, max-image-preview:large, max-video-preview:-1\" \/>\n<link rel=\"canonical\" href=\"https:\/\/www.innovsols.fr\/index.php\/contact\/\" \/>\n<meta property=\"og:locale\" content=\"fr_FR\" \/>\n<meta property=\"og:type\" content=\"article\" \/>\n<meta property=\"og:title\" content=\"Contactez INNOV&#039;SOLS, votre sp\u00e9cialiste du b\u00e9ton d\u00e9coratif sur Lyon, l&#039;ouest lyonnais et la Loire - INNOVSOLS\" \/>\n<meta property=\"og:description\" content=\"Contactez INNOV&#039;SOLS, votre sp\u00e9cialiste du b\u00e9ton d\u00e9coratif dans le Rh\u00f4ne et la Loire. Nous intervenons sur Lyon, l&#039;ouest lyonnais et la Loire.\" \/>\n<meta property=\"og:url\" content=\"https:\/\/www.innovsols.fr\/index.php\/contact\/\" \/>\n<meta property=\"og:site_name\" content=\"INNOVSOLS\" \/>\n<meta property=\"article:modified_time\" content=\"2021-10-26T13:03:17+00:00\" \/>\n<meta name=\"twitter:card\" content=\"summary\" \/>\n<meta name=\"twitter:label1\" content=\"Dur\u00e9e de lecture est.\">\n\t<meta name=\"twitter:data1\" content=\"2 minutes\">\n<script type=\"application\/ld+json\" class=\"yoast-schema-graph\">{\"@context\":\"https:\/\/schema.org\",\"@graph\":[{\"@type\":\"WebSite\",\"@id\":\"https:\/\/www.innovsols.fr\/#website\",\"url\":\"https:\/\/www.innovsols.fr\/\",\"name\":\"INNOVSOLS\",\"description\":\"L\\u2019ART DU B\\u00c9TON D\\u00c9CORATIF EXT\\u00c9RIEUR\",\"potentialAction\":[{\"@type\":\"SearchAction\",\"target\":\"https:\/\/www.innovsols.fr\/?s={search_term_string}\",\"query-input\":\"required name=search_term_string\"}],\"inLanguage\":\"fr-FR\"},{\"@type\":\"WebPage\",\"@id\":\"https:\/\/www.innovsols.fr\/index.php\/contact\/#webpage\",\"url\":\"https:\/\/www.innovsols.fr\/index.php\/contact\/\",\"name\":\"Contactez INNOV'SOLS, votre sp\\u00e9cialiste du b\\u00e9ton d\\u00e9coratif sur Lyon, l'ouest lyonnais et la Loire - INNOVSOLS\",\"isPartOf\":{\"@id\":\"https:\/\/www.innovsols.fr\/#website\"},\"datePublished\":\"2016-10-14T16:09:13+00:00\",\"dateModified\":\"2021-10-26T13:03:17+00:00\",\"description\":\"Contactez INNOV'SOLS, votre sp\\u00e9cialiste du b\\u00e9ton d\\u00e9coratif dans le Rh\\u00f4ne et la Loire. Nous intervenons sur Lyon, l'ouest lyonnais et la Loire.\",\"inLanguage\":\"fr-FR\",\"potentialAction\":[{\"@type\":\"ReadAction\",\"target\":[\"https:\/\/www.innovsols.fr\/index.php\/contact\/\"]}]}]}<\/script>\n<!-- \/ Yoast SEO plugin. -->","_links":{"self":[{"href":"https:\/\/www.innovsols.fr\/index.php\/wp-json\/wp\/v2\/pages\/71"}],"collection":[{"href":"https:\/\/www.innovsols.fr\/index.php\/wp-json\/wp\/v2\/pages"}],"about":[{"href":"https:\/\/www.innovsols.fr\/index.php\/wp-json\/wp\/v2\/types\/page"}],"author":[{"embeddable":true,"href":"https:\/\/www.innovsols.fr\/index.php\/wp-json\/wp\/v2\/users\/4"}],"replies":[{"embeddable":true,"href":"https:\/\/www.innovsols.fr\/index.php\/wp-json\/wp\/v2\/comments?post=71"}],"version-history":[{"count":15,"href":"https:\/\/www.innovsols.fr\/index.php\/wp-json\/wp\/v2\/pages\/71\/revisions"}],"predecessor-version":[{"id":413,"href":"https:\/\/www.innovsols.fr\/index.php\/wp-json\/wp\/v2\/pages\/71\/revisions\/413"}],"wp:attachment":[{"href":"https:\/\/www.innovsols.fr\/index.php\/wp-json\/wp\/v2\/media?parent=71"}],"curies":[{"name":"wp","href":"https:\/\/api.w.org\/{rel}","templated":true}]}}